{"id":38684,"date":"2022-01-31T14:54:24","date_gmt":"2022-01-31T13:54:24","guid":{"rendered":"https:\/\/speakingo.com\/?page_id=38684"},"modified":"2022-01-31T20:04:50","modified_gmt":"2022-01-31T19:04:50","slug":"cookie-policy-eu","status":"publish","type":"page","link":"https:\/\/speakingo.com\/vi\/cookie-policy-eu\/","title":{"rendered":"Ch\u00ednh s\u00e1ch Cookie"},"content":{"rendered":"<figure id=\"attachment_5473\" aria-describedby=\"caption-attachment-5473\" style=\"width: 640px\" class=\"wp-caption alignnone\"><img fetchpriority=\"high\" decoding=\"async\" class=\"size-full wp-image-38685\" src=\"https:\/\/speakingo.com\/wp-content\/uploads\/2018\/09\/komunikacyjny-angielski.jpg\" alt=\"ti\u1ebfng Anh c\u1ea5p giao ti\u1ebfp\" width=\"640\" height=\"355\"><figcaption id=\"caption-attachment-5473\" class=\"wp-caption-text\"><em>C\u00e1i g\u00ec? B\u1ea1n n\u00f3i r\u1eb1ng giao ti\u1ebfp kh\u00f4ng ch\u1ec9 l\u00e0 &#8220;T\u00f4i mu\u1ed1n m\u1ed9t chi\u1ebfc b\u00e1nh quy&#8221;<\/em>? Xem th\u00eam: <em><br \/>\n  <a href=\"https:\/\/speakingo.com\/vi\/tieng-anh-giao-tiep-trong-mot-tuan-dua-dua\/\">Ti\u1ebfng Anh giao ti\u1ebfp hay g\u00ec?<\/a><br \/>\n<\/em><\/figcaption><\/figure>\n<h2>Nh\u1eefng <em>chi\u1ebfc b\u00e1nh quy<\/em> n\u00e0y l\u00e0 g\u00ec?<\/h2>\n<p><em>Cookie<\/em> (<em><strong>cookie<\/strong><\/em> s\u1ed1 nhi\u1ec1u) l\u00e0 m\u1ed9t t\u1ec7p nh\u1ecf, \u0111\u01a1n gi\u1ea3n \u0111\u01b0\u1ee3c g\u1eedi \u0111\u1ebfn b\u1ea1n c\u00f9ng v\u1edbi c\u00e1c trang c\u1ee7a trang web n\u00e0y v\u00e0 \u0111\u01b0\u1ee3c tr\u00ecnh duy\u1ec7t c\u1ee7a b\u1ea1n l\u01b0u tr\u1eef tr\u00ean \u1ed5 c\u1ee9ng c\u1ee7a m\u00e1y t\u00ednh ho\u1eb7c thi\u1ebft b\u1ecb kh\u00e1c. Th\u00f4ng tin \u0111\u01b0\u1ee3c l\u01b0u tr\u1eef trong \u0111\u00f3 c\u00f3 th\u1ec3 \u0111\u01b0\u1ee3c tr\u1ea3 l\u1ea1i cho m\u00e1y ch\u1ee7 c\u1ee7a ch\u00fang t\u00f4i ho\u1eb7c m\u00e1y ch\u1ee7 c\u1ee7a c\u00e1c b\u00ean th\u1ee9 ba c\u00f3 li\u00ean quan trong l\u1ea7n truy c\u1eadp ti\u1ebfp theo c\u1ee7a b\u1ea1n (v\u00ed d\u1ee5: YouTube, Google, v.v.) \u0111\u1ec3 c\u00f3 \u0111\u01b0\u1ee3c d\u1eef li\u1ec7u th\u1ed1ng k\u00ea \u0111\u1ec3 h\u1ed7 tr\u1ee3 ho\u1ea1t \u0111\u1ed9ng c\u1ee7a trang web c\u0169ng nh\u01b0 trong ti\u1ebfp th\u1ecb.<\/p>\n<h3>C\u00e1c lo\u1ea1i <em>cookie <\/em>tr\u00ean Speakingo l\u00e0 g\u00ec?<\/h3>\n<ul>\n<li><em>Cookie ch\u1ee9c n\u0103ng<\/em> l\u00e0 c\u1ea7n <em>thi\u1ebft cho ho\u1ea1t<\/em> \u0111\u1ed9ng \u0111\u00fang \u0111\u1eafn c\u1ee7a trang web. H\u1ecd kh\u00f4ng thu th\u1eadp b\u1ea5t k\u1ef3 d\u1eef li\u1ec7u c\u00e1 nh\u00e2n n\u00e0o, do \u0111\u00f3, theo GDPR, b\u1ea1n th\u1eadm ch\u00ed kh\u00f4ng c\u1ea7n ph\u1ea3i th\u00f4ng b\u00e1o cho ng\u01b0\u1eddi d\u00f9ng c\u1ee7a trang web v\u1ec1 h\u1ecd (nh\u01b0ng v\u00ec l\u1ecbch s\u1ef1 tr\u00ean <a href=\"\/?page_id=9359\" target=\"_blank\" rel=\"noopener noreferrer\">Speakingo<\/a> , ch\u00fang t\u00f4i th\u00f4ng b\u00e1o cho b\u1ea1n v\u1ec1 n\u00f3).<\/li>\n<li><em>Cookie ti\u1ebfp th\u1ecb (cookie ti\u1ebfp th\u1ecb<\/em> , v\u00ed d\u1ee5, cho d\u00f9 m\u1ed9t ng\u01b0\u1eddi quan t\u00e2m \u0111\u1ebfn vi\u1ec7c h\u1ecdc ti\u1ebfng Anh hay \u0111\u00e3 truy c\u1eadp trang web n\u00e0y) v\u00e0 <em>Cookie ph\u00e2n t\u00edch (cookie ph\u00e2n t\u00edch<\/em> , v\u00ed d\u1ee5, ng\u01b0\u1eddi \u0111\u1ecdc d\u00e0nh bao nhi\u00eau th\u1eddi gian cho m\u1ed9t trang con nh\u1ea5t \u0111\u1ecbnh, nh\u1eefng g\u00ec h\u1ecd \u0111ang t\u00ecm ki\u1ebfm, cho d\u00f9 h\u1ecd tr\u1ebb hay gi\u00e0, ph\u1ee5 n\u1eef hay nam gi\u1edbi). Hai lo\u1ea1i <em>cookie<\/em> n\u00e0y \u0111\u00e3 thu th\u1eadp th\u00eam d\u1eef li\u1ec7u v\u1ec1 ng\u01b0\u1eddi d\u00f9ng v\u00e0 \u0111\u1ec3 s\u1eed d\u1ee5ng ch\u00fang h\u1ee3p ph\u00e1p, b\u1ea1n ph\u1ea3i c\u00f3 s\u1ef1 \u0111\u1ed3ng \u00fd t\u1eeb ng\u01b0\u1eddi d\u00f9ng Internet.<\/li>\n<\/ul>\n<p>Xem th\u00eam: <a href=\"\/?page_id=61\">\u0110i\u1ec1u kho\u1ea3n v\u00e0 \u0110i\u1ec1u ki\u1ec7n v\u00e0 Ch\u00ednh s\u00e1ch b\u1ea3o m\u1eadt<\/a><\/p>\n<figure id=\"attachment_11319\" aria-describedby=\"caption-attachment-11319\" style=\"width: 640px\" class=\"wp-caption alignnone\"><img decoding=\"async\" class=\" wp-image-38695\" src=\"https:\/\/speakingo.com\/wp-content\/uploads\/2019\/12\/gingerbread-man-pierniczki-swiateczne-przepis-pies-300x225.jpg\" alt=\"ng\u01b0\u1eddi \u0111\u00e0n \u00f4ng b\u00e1nh g\u1eebng, b\u00e1nh g\u1eebng Gi\u00e1ng sinh, c\u00f4ng th\u1ee9c\" width=\"640\" height=\"482\"><figcaption id=\"caption-attachment-11319\" class=\"wp-caption-text\"><em>Xem th\u00eam: <a href=\"https:\/\/speakingo.com\/gingerbread-man-przepis-na-angielskie-pierniczki-swiateczne\/\">C\u00f4ng th\u1ee9c l\u00e0m b\u00e1nh g\u1eebng truy\u1ec1n th\u1ed1ng c\u1ee7a Anh (b\u00e1nh g\u1eebng).<\/a><\/em><\/figcaption><\/figure>\n","protected":false},"excerpt":{"rendered":"<p>Nh\u1eefng chi\u1ebfc b\u00e1nh quy n\u00e0y l\u00e0 g\u00ec? Cookie (cookie s\u1ed1 nhi\u1ec1u) l\u00e0 m\u1ed9t t\u1ec7p nh\u1ecf, \u0111\u01a1n gi\u1ea3n \u0111\u01b0\u1ee3c g\u1eedi \u0111\u1ebfn b\u1ea1n c\u00f9ng v\u1edbi c\u00e1c trang c\u1ee7a trang web n\u00e0y v\u00e0 \u0111\u01b0\u1ee3c tr\u00ecnh duy\u1ec7t c\u1ee7a b\u1ea1n l\u01b0u tr\u1eef tr\u00ean \u1ed5 c\u1ee9ng c\u1ee7a m\u00e1y t\u00ednh ho\u1eb7c thi\u1ebft b\u1ecb kh\u00e1c. Th\u00f4ng tin \u0111\u01b0\u1ee3c l\u01b0u tr\u1eef trong \u0111\u00f3 c\u00f3 [&hellip;]<\/p>\n","protected":false},"author":1,"featured_media":0,"parent":0,"menu_order":0,"comment_status":"closed","ping_status":"closed","template":"","meta":{"_acf_changed":false,"footnotes":""},"class_list":["post-38684","page","type-page","status-publish","hentry"],"acf":[],"yoast_head":"<!-- This site is optimized with the Yoast SEO Premium plugin v22.9 (Yoast SEO v22.9) - https:\/\/yoast.com\/wordpress\/plugins\/seo\/ -->\n<title>Ch\u00ednh s\u00e1ch Cookie &#8902; Kh\u00f3a h\u1ecdc ti\u1ebfng Anh tr\u1ef1c tuy\u1ebfn<\/title>\n<meta name=\"description\" content=\"Ch\u00ednh s\u00e1ch cookie tr\u00ean trang kh\u00f3a h\u1ecdc ti\u1ebfng Anh tr\u1ef1c tuy\u1ebfn Speakingo. Xem nh\u1eefng cookie n\u00e0o ch\u00fang t\u00f4i s\u1eed d\u1ee5ng v\u00e0 thay \u0111\u1ed5i c\u00e0i \u0111\u1eb7t c\u1ee7a b\u1ea1n.\" \/>\n<meta name=\"robots\" content=\"index, follow, max-snippet:-1, max-image-preview:large, max-video-preview:-1\" \/>\n<link rel=\"canonical\" href=\"https:\/\/speakingo.com\/vi\/cookie-policy-eu\/\" \/>\n<meta property=\"og:locale\" content=\"vi_VN\" \/>\n<meta property=\"og:type\" content=\"article\" \/>\n<meta property=\"og:title\" content=\"Ch\u00ednh s\u00e1ch Cookie\" \/>\n<meta property=\"og:description\" content=\"Ch\u00ednh s\u00e1ch cookie tr\u00ean trang kh\u00f3a h\u1ecdc ti\u1ebfng Anh tr\u1ef1c tuy\u1ebfn Speakingo. Xem nh\u1eefng cookie n\u00e0o ch\u00fang t\u00f4i s\u1eed d\u1ee5ng v\u00e0 thay \u0111\u1ed5i c\u00e0i \u0111\u1eb7t c\u1ee7a b\u1ea1n.\" \/>\n<meta property=\"og:url\" content=\"https:\/\/speakingo.com\/vi\/cookie-policy-eu\/\" \/>\n<meta property=\"og:site_name\" content=\"Speakingo\" \/>\n<meta property=\"article:publisher\" content=\"https:\/\/www.facebook.com\/speakingo\/\" \/>\n<meta property=\"article:modified_time\" content=\"2022-01-31T19:04:50+00:00\" \/>\n<meta property=\"og:image\" content=\"https:\/\/speakingo.com\/wp-content\/uploads\/2018\/09\/komunikacyjny-angielski.jpg\" \/>\n<meta name=\"twitter:card\" content=\"summary_large_image\" \/>\n<meta name=\"twitter:label1\" content=\"Est. reading time\" \/>\n\t<meta name=\"twitter:data1\" content=\"2 minutes\" \/>\n<script type=\"application\/ld+json\" class=\"yoast-schema-graph\">{\"@context\":\"https:\/\/schema.org\",\"@graph\":[{\"@type\":\"WebPage\",\"@id\":\"https:\/\/speakingo.com\/vi\/cookie-policy-eu\/\",\"url\":\"https:\/\/speakingo.com\/vi\/cookie-policy-eu\/\",\"name\":\"Ch\u00ednh s\u00e1ch Cookie &#8902; Kh\u00f3a h\u1ecdc ti\u1ebfng Anh tr\u1ef1c tuy\u1ebfn\",\"isPartOf\":{\"@id\":\"https:\/\/www.speakingo.com\/vi\/#website\"},\"primaryImageOfPage\":{\"@id\":\"https:\/\/speakingo.com\/vi\/cookie-policy-eu\/#primaryimage\"},\"image\":{\"@id\":\"https:\/\/speakingo.com\/vi\/cookie-policy-eu\/#primaryimage\"},\"thumbnailUrl\":\"https:\/\/speakingo.com\/wp-content\/uploads\/2018\/09\/komunikacyjny-angielski.jpg\",\"datePublished\":\"2022-01-31T13:54:24+00:00\",\"dateModified\":\"2022-01-31T19:04:50+00:00\",\"description\":\"Ch\u00ednh s\u00e1ch cookie tr\u00ean trang kh\u00f3a h\u1ecdc ti\u1ebfng Anh tr\u1ef1c tuy\u1ebfn Speakingo. Xem nh\u1eefng cookie n\u00e0o ch\u00fang t\u00f4i s\u1eed d\u1ee5ng v\u00e0 thay \u0111\u1ed5i c\u00e0i \u0111\u1eb7t c\u1ee7a b\u1ea1n.\",\"breadcrumb\":{\"@id\":\"https:\/\/speakingo.com\/vi\/cookie-policy-eu\/#breadcrumb\"},\"inLanguage\":\"vi-VN\",\"potentialAction\":[{\"@type\":\"ReadAction\",\"target\":[\"https:\/\/speakingo.com\/vi\/cookie-policy-eu\/\"]}]},{\"@type\":\"ImageObject\",\"inLanguage\":\"vi-VN\",\"@id\":\"https:\/\/speakingo.com\/vi\/cookie-policy-eu\/#primaryimage\",\"url\":\"https:\/\/speakingo.com\/wp-content\/uploads\/2018\/09\/komunikacyjny-angielski.jpg\",\"contentUrl\":\"https:\/\/speakingo.com\/wp-content\/uploads\/2018\/09\/komunikacyjny-angielski.jpg\"},{\"@type\":\"BreadcrumbList\",\"@id\":\"https:\/\/speakingo.com\/vi\/cookie-policy-eu\/#breadcrumb\",\"itemListElement\":[{\"@type\":\"ListItem\",\"position\":1,\"name\":\"Speakingo\",\"item\":\"https:\/\/speakingo.com\/vi\/\"},{\"@type\":\"ListItem\",\"position\":2,\"name\":\"Ch\u00ednh s\u00e1ch Cookie\"}]},{\"@type\":\"WebSite\",\"@id\":\"https:\/\/www.speakingo.com\/vi\/#website\",\"url\":\"https:\/\/www.speakingo.com\/vi\/\",\"name\":\"Speakingo\",\"description\":\"Learn English Online!\",\"publisher\":{\"@id\":\"https:\/\/www.speakingo.com\/vi\/#organization\"},\"potentialAction\":[{\"@type\":\"SearchAction\",\"target\":{\"@type\":\"EntryPoint\",\"urlTemplate\":\"https:\/\/www.speakingo.com\/vi\/?s={search_term_string}\"},\"query-input\":\"required name=search_term_string\"}],\"inLanguage\":\"vi-VN\"},{\"@type\":\"Organization\",\"@id\":\"https:\/\/www.speakingo.com\/vi\/#organization\",\"name\":\"Speakingo\",\"url\":\"https:\/\/www.speakingo.com\/vi\/\",\"logo\":{\"@type\":\"ImageObject\",\"inLanguage\":\"vi-VN\",\"@id\":\"https:\/\/www.speakingo.com\/vi\/#\/schema\/logo\/image\/\",\"url\":\"https:\/\/speakingo.com\/wp-content\/uploads\/2021\/04\/speakingo-kurs-jezyka-angielskiego-online-curso-ingles-sukces-main-english.png.jpg\",\"contentUrl\":\"https:\/\/speakingo.com\/wp-content\/uploads\/2021\/04\/speakingo-kurs-jezyka-angielskiego-online-curso-ingles-sukces-main-english.png.jpg\",\"width\":500,\"height\":344,\"caption\":\"Speakingo\"},\"image\":{\"@id\":\"https:\/\/www.speakingo.com\/vi\/#\/schema\/logo\/image\/\"},\"sameAs\":[\"https:\/\/www.facebook.com\/speakingo\/\",\"https:\/\/www.youtube.com\/channel\/UC5u_DFTWwYDEI1GGjo5lFnQ\"]}]}<\/script>\n<!-- \/ Yoast SEO Premium plugin. -->","yoast_head_json":{"title":"Ch\u00ednh s\u00e1ch Cookie &#8902; Kh\u00f3a h\u1ecdc ti\u1ebfng Anh tr\u1ef1c tuy\u1ebfn","description":"Ch\u00ednh s\u00e1ch cookie tr\u00ean trang kh\u00f3a h\u1ecdc ti\u1ebfng Anh tr\u1ef1c tuy\u1ebfn Speakingo. Xem nh\u1eefng cookie n\u00e0o ch\u00fang t\u00f4i s\u1eed d\u1ee5ng v\u00e0 thay \u0111\u1ed5i c\u00e0i \u0111\u1eb7t c\u1ee7a b\u1ea1n.","robots":{"index":"index","follow":"follow","max-snippet":"max-snippet:-1","max-image-preview":"max-image-preview:large","max-video-preview":"max-video-preview:-1"},"canonical":"https:\/\/speakingo.com\/vi\/cookie-policy-eu\/","og_locale":"vi_VN","og_type":"article","og_title":"Ch\u00ednh s\u00e1ch Cookie","og_description":"Ch\u00ednh s\u00e1ch cookie tr\u00ean trang kh\u00f3a h\u1ecdc ti\u1ebfng Anh tr\u1ef1c tuy\u1ebfn Speakingo. Xem nh\u1eefng cookie n\u00e0o ch\u00fang t\u00f4i s\u1eed d\u1ee5ng v\u00e0 thay \u0111\u1ed5i c\u00e0i \u0111\u1eb7t c\u1ee7a b\u1ea1n.","og_url":"https:\/\/speakingo.com\/vi\/cookie-policy-eu\/","og_site_name":"Speakingo","article_publisher":"https:\/\/www.facebook.com\/speakingo\/","article_modified_time":"2022-01-31T19:04:50+00:00","og_image":[{"url":"https:\/\/speakingo.com\/wp-content\/uploads\/2018\/09\/komunikacyjny-angielski.jpg"}],"twitter_card":"summary_large_image","twitter_misc":{"Est. reading time":"2 minutes"},"schema":{"@context":"https:\/\/schema.org","@graph":[{"@type":"WebPage","@id":"https:\/\/speakingo.com\/vi\/cookie-policy-eu\/","url":"https:\/\/speakingo.com\/vi\/cookie-policy-eu\/","name":"Ch\u00ednh s\u00e1ch Cookie &#8902; Kh\u00f3a h\u1ecdc ti\u1ebfng Anh tr\u1ef1c tuy\u1ebfn","isPartOf":{"@id":"https:\/\/www.speakingo.com\/vi\/#website"},"primaryImageOfPage":{"@id":"https:\/\/speakingo.com\/vi\/cookie-policy-eu\/#primaryimage"},"image":{"@id":"https:\/\/speakingo.com\/vi\/cookie-policy-eu\/#primaryimage"},"thumbnailUrl":"https:\/\/speakingo.com\/wp-content\/uploads\/2018\/09\/komunikacyjny-angielski.jpg","datePublished":"2022-01-31T13:54:24+00:00","dateModified":"2022-01-31T19:04:50+00:00","description":"Ch\u00ednh s\u00e1ch cookie tr\u00ean trang kh\u00f3a h\u1ecdc ti\u1ebfng Anh tr\u1ef1c tuy\u1ebfn Speakingo. Xem nh\u1eefng cookie n\u00e0o ch\u00fang t\u00f4i s\u1eed d\u1ee5ng v\u00e0 thay \u0111\u1ed5i c\u00e0i \u0111\u1eb7t c\u1ee7a b\u1ea1n.","breadcrumb":{"@id":"https:\/\/speakingo.com\/vi\/cookie-policy-eu\/#breadcrumb"},"inLanguage":"vi-VN","potentialAction":[{"@type":"ReadAction","target":["https:\/\/speakingo.com\/vi\/cookie-policy-eu\/"]}]},{"@type":"ImageObject","inLanguage":"vi-VN","@id":"https:\/\/speakingo.com\/vi\/cookie-policy-eu\/#primaryimage","url":"https:\/\/speakingo.com\/wp-content\/uploads\/2018\/09\/komunikacyjny-angielski.jpg","contentUrl":"https:\/\/speakingo.com\/wp-content\/uploads\/2018\/09\/komunikacyjny-angielski.jpg"},{"@type":"BreadcrumbList","@id":"https:\/\/speakingo.com\/vi\/cookie-policy-eu\/#breadcrumb","itemListElement":[{"@type":"ListItem","position":1,"name":"Speakingo","item":"https:\/\/speakingo.com\/vi\/"},{"@type":"ListItem","position":2,"name":"Ch\u00ednh s\u00e1ch Cookie"}]},{"@type":"WebSite","@id":"https:\/\/www.speakingo.com\/vi\/#website","url":"https:\/\/www.speakingo.com\/vi\/","name":"Speakingo","description":"Learn English Online!","publisher":{"@id":"https:\/\/www.speakingo.com\/vi\/#organization"},"potentialAction":[{"@type":"SearchAction","target":{"@type":"EntryPoint","urlTemplate":"https:\/\/www.speakingo.com\/vi\/?s={search_term_string}"},"query-input":"required name=search_term_string"}],"inLanguage":"vi-VN"},{"@type":"Organization","@id":"https:\/\/www.speakingo.com\/vi\/#organization","name":"Speakingo","url":"https:\/\/www.speakingo.com\/vi\/","logo":{"@type":"ImageObject","inLanguage":"vi-VN","@id":"https:\/\/www.speakingo.com\/vi\/#\/schema\/logo\/image\/","url":"https:\/\/speakingo.com\/wp-content\/uploads\/2021\/04\/speakingo-kurs-jezyka-angielskiego-online-curso-ingles-sukces-main-english.png.jpg","contentUrl":"https:\/\/speakingo.com\/wp-content\/uploads\/2021\/04\/speakingo-kurs-jezyka-angielskiego-online-curso-ingles-sukces-main-english.png.jpg","width":500,"height":344,"caption":"Speakingo"},"image":{"@id":"https:\/\/www.speakingo.com\/vi\/#\/schema\/logo\/image\/"},"sameAs":["https:\/\/www.facebook.com\/speakingo\/","https:\/\/www.youtube.com\/channel\/UC5u_DFTWwYDEI1GGjo5lFnQ"]}]}},"_links":{"self":[{"href":"https:\/\/speakingo.com\/vi\/wp-json\/wp\/v2\/pages\/38684","targetHints":{"allow":["GET"]}}],"collection":[{"href":"https:\/\/speakingo.com\/vi\/wp-json\/wp\/v2\/pages"}],"about":[{"href":"https:\/\/speakingo.com\/vi\/wp-json\/wp\/v2\/types\/page"}],"author":[{"embeddable":true,"href":"https:\/\/speakingo.com\/vi\/wp-json\/wp\/v2\/users\/1"}],"replies":[{"embeddable":true,"href":"https:\/\/speakingo.com\/vi\/wp-json\/wp\/v2\/comments?post=38684"}],"version-history":[{"count":0,"href":"https:\/\/speakingo.com\/vi\/wp-json\/wp\/v2\/pages\/38684\/revisions"}],"wp:attachment":[{"href":"https:\/\/speakingo.com\/vi\/wp-json\/wp\/v2\/media?parent=38684"}],"curies":[{"name":"wp","href":"https:\/\/api.w.org\/{rel}","templated":true}]}}