{"id":34546,"date":"2021-11-18T15:54:44","date_gmt":"2021-11-18T14:54:44","guid":{"rendered":"https:\/\/speakingo.com\/?page_id=34546"},"modified":"2022-01-30T16:16:46","modified_gmt":"2022-01-30T15:16:46","slug":"unsupported","status":"publish","type":"page","link":"https:\/\/speakingo.com\/cs\/unsupported\/","title":{"rendered":"Ups, v\u00e1\u0161 prohl\u00ed\u017ee\u010d nepodporuje rozpozn\u00e1v\u00e1n\u00ed \u0159e\u010di."},"content":{"rendered":"\t\t<div data-elementor-type=\"wp-page\" data-elementor-id=\"34546\" class=\"elementor elementor-34546 elementor-692\" data-elementor-post-type=\"page\">\n\t\t\t\t\t\t<section data-particle_enable=\"false\" data-particle-mobile-disabled=\"false\" class=\"elementor-section elementor-top-section elementor-element elementor-element-e58bed8 elementor-section-boxed elementor-section-height-default elementor-section-height-default\" data-id=\"e58bed8\" data-element_type=\"section\" data-e-type=\"section\">\n\t\t\t\t\t\t<div class=\"elementor-container elementor-column-gap-default\">\n\t\t\t\t\t<div class=\"elementor-column elementor-col-66 elementor-top-column elementor-element elementor-element-9f09d14\" data-id=\"9f09d14\" data-element_type=\"column\" data-e-type=\"column\">\n\t\t\t<div class=\"elementor-widget-wrap elementor-element-populated\">\n\t\t\t\t\t\t<div class=\"elementor-element elementor-element-db23167 elementor-widget elementor-widget-text-editor\" data-id=\"db23167\" data-element_type=\"widget\" data-e-type=\"widget\" data-widget_type=\"text-editor.default\">\n\t\t\t\t<div class=\"elementor-widget-container\">\n\t\t\t\t\t\t\t\t\t<p>Speakingo v\u00e1m umo\u017e\u0148uje u\u010dit se anglicky d\u00edky modern\u00ed technologii rozpozn\u00e1v\u00e1n\u00ed \u0159e\u010di &#8211; mluv\u00edte s po\u010d\u00edta\u010dem jako s u\u010ditelem.<br \/>Pou\u017e\u00edv\u00e1me podle na\u0161eho n\u00e1zoru nejlep\u0161\u00ed \u0159e\u0161en\u00ed, kter\u00e9 prohl\u00ed\u017ee\u010d Chrome nab\u00edz\u00ed.<br \/>Nav\u00edc je bezpe\u010dn\u00fd a zdarma.<\/p>\n<p>Proto si jej nainstalujte do po\u010d\u00edta\u010de a m\u016f\u017eeme se za\u010d\u00edt u\u010dit!<\/p>\n\t\t\t\t\t\t\t\t<\/div>\n\t\t\t\t<\/div>\n\t\t\t\t\t<\/div>\n\t\t<\/div>\n\t\t\t\t<div class=\"elementor-column elementor-col-33 elementor-top-column elementor-element elementor-element-788f800\" data-id=\"788f800\" data-element_type=\"column\" data-e-type=\"column\">\n\t\t\t<div class=\"elementor-widget-wrap elementor-element-populated\">\n\t\t\t\t\t\t<div class=\"elementor-element elementor-element-1263376 elementor-widget elementor-widget-image\" data-id=\"1263376\" data-element_type=\"widget\" data-e-type=\"widget\" data-widget_type=\"image.default\">\n\t\t\t\t<div class=\"elementor-widget-container\">\n\t\t\t\t\t\t\t\t\t\t\t\t\t\t\t<img fetchpriority=\"high\" decoding=\"async\" width=\"640\" height=\"480\" src=\"https:\/\/speakingo.com\/wp-content\/uploads\/2017\/07\/dlaczego-nauka-angielskiego-jest-taka-trudna.jpg\" class=\"attachment-large size-large wp-image-31070\" alt=\"pro\u010d je u\u010den\u00ed angli\u010dtiny tak obt\u00ed\u017en\u00e9\" srcset=\"https:\/\/speakingo.com\/wp-content\/uploads\/2017\/07\/dlaczego-nauka-angielskiego-jest-taka-trudna.jpg 640w, https:\/\/speakingo.com\/wp-content\/uploads\/2017\/07\/dlaczego-nauka-angielskiego-jest-taka-trudna-300x225.jpg 300w\" sizes=\"(max-width: 640px) 100vw, 640px\" \/>\t\t\t\t\t\t\t\t\t\t\t\t\t\t\t<\/div>\n\t\t\t\t<\/div>\n\t\t\t\t\t<\/div>\n\t\t<\/div>\n\t\t\t\t\t<\/div>\n\t\t<\/section>\n\t\t\t\t<section data-particle_enable=\"false\" data-particle-mobile-disabled=\"false\" class=\"elementor-section elementor-top-section elementor-element elementor-element-080627b elementor-section-boxed elementor-section-height-default elementor-section-height-default\" data-id=\"080627b\" data-element_type=\"section\" data-e-type=\"section\">\n\t\t\t\t\t\t<div class=\"elementor-container elementor-column-gap-default\">\n\t\t\t\t\t<div class=\"elementor-column elementor-col-33 elementor-top-column elementor-element elementor-element-9bb780d\" data-id=\"9bb780d\" data-element_type=\"column\" data-e-type=\"column\">\n\t\t\t<div class=\"elementor-widget-wrap elementor-element-populated\">\n\t\t\t\t\t\t<div class=\"elementor-element elementor-element-c23c1ee elementor-widget elementor-widget-image\" data-id=\"c23c1ee\" data-element_type=\"widget\" data-e-type=\"widget\" data-widget_type=\"image.default\">\n\t\t\t\t<div class=\"elementor-widget-container\">\n\t\t\t\t\t\t\t\t\t\t\t\t\t\t\t\t<a href=\"https:\/\/www.google.com\/chrome\/browser\/desktop\/index.html\" target=\"_blank\" rel=\"nofollow\">\n\t\t\t\t\t\t\t<img decoding=\"async\" width=\"580\" height=\"279\" src=\"https:\/\/speakingo.com\/wp-content\/uploads\/2017\/08\/Chrome_Logo-speakingo.jpg\" class=\"attachment-large size-large wp-image-45345\" alt=\"\" srcset=\"https:\/\/speakingo.com\/wp-content\/uploads\/2017\/08\/Chrome_Logo-speakingo.jpg 580w, https:\/\/speakingo.com\/wp-content\/uploads\/2017\/08\/Chrome_Logo-speakingo-300x144.jpg 300w\" sizes=\"(max-width: 580px) 100vw, 580px\" \/>\t\t\t\t\t\t\t\t<\/a>\n\t\t\t\t\t\t\t\t\t\t\t\t\t\t\t<\/div>\n\t\t\t\t<\/div>\n\t\t\t\t\t<\/div>\n\t\t<\/div>\n\t\t\t\t<div class=\"elementor-column elementor-col-66 elementor-top-column elementor-element elementor-element-afbe7a7\" data-id=\"afbe7a7\" data-element_type=\"column\" data-e-type=\"column\">\n\t\t\t<div class=\"elementor-widget-wrap elementor-element-populated\">\n\t\t\t\t\t\t<div class=\"elementor-element elementor-element-071fb26 elementor-widget elementor-widget-text-editor\" data-id=\"071fb26\" data-element_type=\"widget\" data-e-type=\"widget\" data-widget_type=\"text-editor.default\">\n\t\t\t\t<div class=\"elementor-widget-container\">\n\t\t\t\t\t\t\t\t\t<p>St\u00e1hn\u011bte si nejnov\u011bj\u0161\u00ed verzi <a href=\"https:\/\/www.google.com\/chrome\/browser\/desktop\/index.html\">Chromu<\/a> z webu Google:<br \/><a href=\"https:\/\/www.google.com\/chrome\/browser\/desktop\/index.html\" target=\"_blank\" rel=\"noopener\">https:\/\/www.google.com\/chrome\/browser\/desktop\/index.html<\/a><\/p>\n<p>A p\u0159ihlaste se do Speakingo pomoc\u00ed nov\u00e9ho prohl\u00ed\u017ee\u010de Chrome.<\/p><\/p>\n\t\t\t\t\t\t\t\t<\/div>\n\t\t\t\t<\/div>\n\t\t\t\t\t<\/div>\n\t\t<\/div>\n\t\t\t\t\t<\/div>\n\t\t<\/section>\n\t\t\t\t<section data-particle_enable=\"false\" data-particle-mobile-disabled=\"false\" class=\"elementor-section elementor-top-section elementor-element elementor-element-489dbfc elementor-section-boxed elementor-section-height-default elementor-section-height-default\" data-id=\"489dbfc\" data-element_type=\"section\" data-e-type=\"section\">\n\t\t\t\t\t\t<div class=\"elementor-container elementor-column-gap-default\">\n\t\t\t\t\t<div class=\"elementor-column elementor-col-100 elementor-top-column elementor-element elementor-element-91e331b\" data-id=\"91e331b\" data-element_type=\"column\" data-e-type=\"column\">\n\t\t\t<div class=\"elementor-widget-wrap elementor-element-populated\">\n\t\t\t\t\t\t<div class=\"elementor-element elementor-element-6461857 elementor-widget elementor-widget-text-editor\" data-id=\"6461857\" data-element_type=\"widget\" data-e-type=\"widget\" data-widget_type=\"text-editor.default\">\n\t\t\t\t<div class=\"elementor-widget-container\">\n\t\t\t\t\t\t\t\t\t<p>Je n\u00e1m l\u00edto, ale web Speakingo tak\u00e9 nefunguje na iPhonech nebo telefonech se syst\u00e9mem Spole\u010dnosti Microsoft. Zkuste to na stoln\u00edm po\u010d\u00edta\u010di nebo jin\u00e9m za\u0159\u00edzen\u00ed.<\/p>\n<p><span style=\"color: var( --e-global-color-text ); font-family: var( --e-global-typography-text-font-family ), Sans-serif; font-size: var( --e-global-typography-text-font-size ); font-weight: var( --e-global-typography-text-font-weight ); letter-spacing: var( --e-global-typography-text-letter-spacing );\">Aplikaci pro iPhone nebo Android si m\u016f\u017eete tak\u00e9 st\u00e1hnout v Appstore a Google Play.<\/span><\/p>\n\t\t\t\t\t\t\t\t<\/div>\n\t\t\t\t<\/div>\n\t\t\t\t\t<\/div>\n\t\t<\/div>\n\t\t\t\t\t<\/div>\n\t\t<\/section>\n\t\t\t\t<section data-particle_enable=\"false\" data-particle-mobile-disabled=\"false\" class=\"elementor-section elementor-top-section elementor-element elementor-element-a7e2fe5 elementor-section-boxed elementor-section-height-default elementor-section-height-default\" data-id=\"a7e2fe5\" data-element_type=\"section\" data-e-type=\"section\">\n\t\t\t\t\t\t<div class=\"elementor-container elementor-column-gap-default\">\n\t\t\t\t\t<div class=\"elementor-column elementor-col-50 elementor-top-column elementor-element elementor-element-75863d9\" data-id=\"75863d9\" data-element_type=\"column\" data-e-type=\"column\">\n\t\t\t<div class=\"elementor-widget-wrap elementor-element-populated\">\n\t\t\t\t\t\t<div class=\"elementor-element elementor-element-a343698 elementor-widget elementor-widget-heading\" data-id=\"a343698\" data-element_type=\"widget\" data-e-type=\"widget\" data-widget_type=\"heading.default\">\n\t\t\t\t<div class=\"elementor-widget-container\">\n\t\t\t\t\t<h4 class=\"elementor-heading-title elementor-size-default\">Pokud m\u00e1te iPhone, st\u00e1hn\u011bte si aplikaci Speakingo odtud:<\/h4>\t\t\t\t<\/div>\n\t\t\t\t<\/div>\n\t\t\t\t<div class=\"elementor-element elementor-element-e16a7c0 elementor-view-default elementor-widget elementor-widget-icon\" data-id=\"e16a7c0\" data-element_type=\"widget\" data-e-type=\"widget\" data-widget_type=\"icon.default\">\n\t\t\t\t<div class=\"elementor-widget-container\">\n\t\t\t\t\t\t\t<div class=\"elementor-icon-wrapper\">\n\t\t\t<div class=\"elementor-icon\">\n\t\t\t<i aria-hidden=\"true\" class=\"fab fa-app-store-ios\"><\/i>\t\t\t<\/div>\n\t\t<\/div>\n\t\t\t\t\t\t<\/div>\n\t\t\t\t<\/div>\n\t\t\t\t\t<\/div>\n\t\t<\/div>\n\t\t\t\t<div class=\"elementor-column elementor-col-50 elementor-top-column elementor-element elementor-element-9042c08\" data-id=\"9042c08\" data-element_type=\"column\" data-e-type=\"column\">\n\t\t\t<div class=\"elementor-widget-wrap elementor-element-populated\">\n\t\t\t\t\t\t<div class=\"elementor-element elementor-element-4239713 elementor-widget elementor-widget-heading\" data-id=\"4239713\" data-element_type=\"widget\" data-e-type=\"widget\" data-widget_type=\"heading.default\">\n\t\t\t\t<div class=\"elementor-widget-container\">\n\t\t\t\t\t<h4 class=\"elementor-heading-title elementor-size-default\">Pokud m\u00e1te telefon Android (v\u011bt\u0161inu) st\u00e1hn\u011bte si aplikaci odtud:<\/h4>\t\t\t\t<\/div>\n\t\t\t\t<\/div>\n\t\t\t\t<div class=\"elementor-element elementor-element-286c5d5 elementor-view-default elementor-widget elementor-widget-icon\" data-id=\"286c5d5\" data-element_type=\"widget\" data-e-type=\"widget\" data-widget_type=\"icon.default\">\n\t\t\t\t<div class=\"elementor-widget-container\">\n\t\t\t\t\t\t\t<div class=\"elementor-icon-wrapper\">\n\t\t\t<div class=\"elementor-icon\">\n\t\t\t<i aria-hidden=\"true\" class=\"fab fa-google-play\"><\/i>\t\t\t<\/div>\n\t\t<\/div>\n\t\t\t\t\t\t<\/div>\n\t\t\t\t<\/div>\n\t\t\t\t\t<\/div>\n\t\t<\/div>\n\t\t\t\t\t<\/div>\n\t\t<\/section>\n\t\t\t\t<section data-particle_enable=\"false\" data-particle-mobile-disabled=\"false\" class=\"elementor-section elementor-top-section elementor-element elementor-element-9c699e4 elementor-section-boxed elementor-section-height-default elementor-section-height-default\" data-id=\"9c699e4\" data-element_type=\"section\" data-e-type=\"section\">\n\t\t\t\t\t\t<div class=\"elementor-container elementor-column-gap-default\">\n\t\t\t\t\t<div class=\"elementor-column elementor-col-50 elementor-top-column elementor-element elementor-element-eda8062\" data-id=\"eda8062\" data-element_type=\"column\" data-e-type=\"column\">\n\t\t\t<div class=\"elementor-widget-wrap\">\n\t\t\t\t\t\t\t<\/div>\n\t\t<\/div>\n\t\t\t\t<div class=\"elementor-column elementor-col-50 elementor-top-column elementor-element elementor-element-8f82c9f\" data-id=\"8f82c9f\" data-element_type=\"column\" data-e-type=\"column\">\n\t\t\t<div class=\"elementor-widget-wrap\">\n\t\t\t\t\t\t\t<\/div>\n\t\t<\/div>\n\t\t\t\t\t<\/div>\n\t\t<\/section>\n\t\t\t\t<\/div>\n\t\t","protected":false},"excerpt":{"rendered":"<p>Speakingo v\u00e1m umo\u017e\u0148uje u\u010dit se anglicky d\u00edky modern\u00ed technologii rozpozn\u00e1v\u00e1n\u00ed \u0159e\u010di &#8211; mluv\u00edte s po\u010d\u00edta\u010dem jako s u\u010ditelem.Pou\u017e\u00edv\u00e1me podle na\u0161eho n\u00e1zoru nejlep\u0161\u00ed \u0159e\u0161en\u00ed, kter\u00e9 prohl\u00ed\u017ee\u010d Chrome nab\u00edz\u00ed.Nav\u00edc je bezpe\u010dn\u00fd a zdarma. Proto si jej nainstalujte do po\u010d\u00edta\u010de a m\u016f\u017eeme se za\u010d\u00edt u\u010dit! St\u00e1hn\u011bte si nejnov\u011bj\u0161\u00ed verzi Chromu z webu Google:https:\/\/www.google.com\/chrome\/browser\/desktop\/index.html A p\u0159ihlaste se do Speakingo [&hellip;]<\/p>\n","protected":false},"author":1,"featured_media":0,"parent":0,"menu_order":0,"comment_status":"closed","ping_status":"closed","template":"","meta":{"_acf_changed":false,"footnotes":""},"class_list":["post-34546","page","type-page","status-publish","hentry"],"acf":[],"yoast_head":"<!-- This site is optimized with the Yoast SEO Premium plugin v27.4 (Yoast SEO v27.4) - https:\/\/yoast.com\/product\/yoast-seo-premium-wordpress\/ -->\n<title>Ups, v\u00e1\u0161 prohl\u00ed\u017ee\u010d nepodporuje rozpozn\u00e1v\u00e1n\u00ed \u0159e\u010di. &#8902; Speakingo<\/title>\n<meta name=\"description\" content=\"Tato str\u00e1nka se zobrazuje, pokud nepou\u017e\u00edv\u00e1te Chrome\" \/>\n<meta name=\"robots\" content=\"index, follow, max-snippet:-1, max-image-preview:large, max-video-preview:-1\" \/>\n<link rel=\"canonical\" href=\"https:\/\/speakingo.com\/cs\/unsupported\/\" \/>\n<meta property=\"og:locale\" content=\"cs_CZ\" \/>\n<meta property=\"og:type\" content=\"article\" \/>\n<meta property=\"og:title\" content=\"Ups, v\u00e1\u0161 prohl\u00ed\u017ee\u010d nepodporuje rozpozn\u00e1v\u00e1n\u00ed \u0159e\u010di.\" \/>\n<meta property=\"og:description\" content=\"Tato str\u00e1nka se zobrazuje, pokud nepou\u017e\u00edv\u00e1te Chrome\" \/>\n<meta property=\"og:url\" content=\"https:\/\/speakingo.com\/cs\/unsupported\/\" \/>\n<meta property=\"og:site_name\" content=\"Speakingo\" \/>\n<meta property=\"article:publisher\" content=\"https:\/\/www.facebook.com\/speakingo\/\" \/>\n<meta property=\"article:modified_time\" content=\"2022-01-30T15:16:46+00:00\" \/>\n<meta property=\"og:image\" content=\"https:\/\/speakingo.com\/wp-content\/uploads\/2017\/07\/dlaczego-nauka-angielskiego-jest-taka-trudna.jpg\" \/>\n<meta name=\"twitter:card\" content=\"summary_large_image\" \/>\n<meta name=\"twitter:label1\" content=\"Odhadovan\u00e1 doba \u010dten\u00ed\" \/>\n\t<meta name=\"twitter:data1\" content=\"1 minuta\" \/>\n<script type=\"application\/ld+json\" class=\"yoast-schema-graph\">{\"@context\":\"https:\\\/\\\/schema.org\",\"@graph\":[{\"@type\":\"WebPage\",\"@id\":\"https:\\\/\\\/speakingo.com\\\/cs\\\/unsupported\\\/\",\"url\":\"https:\\\/\\\/speakingo.com\\\/cs\\\/unsupported\\\/\",\"name\":\"Ups, v\u00e1\u0161 prohl\u00ed\u017ee\u010d nepodporuje rozpozn\u00e1v\u00e1n\u00ed \u0159e\u010di. &#8902; Speakingo\",\"isPartOf\":{\"@id\":\"https:\\\/\\\/speakingo.com\\\/cs\\\/#website\"},\"primaryImageOfPage\":{\"@id\":\"https:\\\/\\\/speakingo.com\\\/cs\\\/unsupported\\\/#primaryimage\"},\"image\":{\"@id\":\"https:\\\/\\\/speakingo.com\\\/cs\\\/unsupported\\\/#primaryimage\"},\"thumbnailUrl\":\"https:\\\/\\\/speakingo.com\\\/wp-content\\\/uploads\\\/2017\\\/07\\\/dlaczego-nauka-angielskiego-jest-taka-trudna.jpg\",\"datePublished\":\"2021-11-18T14:54:44+00:00\",\"dateModified\":\"2022-01-30T15:16:46+00:00\",\"description\":\"Tato str\u00e1nka se zobrazuje, pokud nepou\u017e\u00edv\u00e1te Chrome\",\"breadcrumb\":{\"@id\":\"https:\\\/\\\/speakingo.com\\\/cs\\\/unsupported\\\/#breadcrumb\"},\"inLanguage\":\"cs\",\"potentialAction\":[{\"@type\":\"ReadAction\",\"target\":[\"https:\\\/\\\/speakingo.com\\\/cs\\\/unsupported\\\/\"]}]},{\"@type\":\"ImageObject\",\"inLanguage\":\"cs\",\"@id\":\"https:\\\/\\\/speakingo.com\\\/cs\\\/unsupported\\\/#primaryimage\",\"url\":\"https:\\\/\\\/speakingo.com\\\/wp-content\\\/uploads\\\/2017\\\/07\\\/dlaczego-nauka-angielskiego-jest-taka-trudna.jpg\",\"contentUrl\":\"https:\\\/\\\/speakingo.com\\\/wp-content\\\/uploads\\\/2017\\\/07\\\/dlaczego-nauka-angielskiego-jest-taka-trudna.jpg\"},{\"@type\":\"BreadcrumbList\",\"@id\":\"https:\\\/\\\/speakingo.com\\\/cs\\\/unsupported\\\/#breadcrumb\",\"itemListElement\":[{\"@type\":\"ListItem\",\"position\":1,\"name\":\"Speakingo\",\"item\":\"https:\\\/\\\/speakingo.com\\\/cs\\\/\"},{\"@type\":\"ListItem\",\"position\":2,\"name\":\"Ups, v\u00e1\u0161 prohl\u00ed\u017ee\u010d nepodporuje rozpozn\u00e1v\u00e1n\u00ed \u0159e\u010di.\"}]},{\"@type\":\"WebSite\",\"@id\":\"https:\\\/\\\/speakingo.com\\\/cs\\\/#website\",\"url\":\"https:\\\/\\\/speakingo.com\\\/cs\\\/\",\"name\":\"Speakingo\",\"description\":\"Learn English Online!\",\"publisher\":{\"@id\":\"https:\\\/\\\/speakingo.com\\\/cs\\\/#organization\"},\"potentialAction\":[{\"@type\":\"SearchAction\",\"target\":{\"@type\":\"EntryPoint\",\"urlTemplate\":\"https:\\\/\\\/speakingo.com\\\/cs\\\/?s={search_term_string}\"},\"query-input\":{\"@type\":\"PropertyValueSpecification\",\"valueRequired\":true,\"valueName\":\"search_term_string\"}}],\"inLanguage\":\"cs\"},{\"@type\":\"Organization\",\"@id\":\"https:\\\/\\\/speakingo.com\\\/cs\\\/#organization\",\"name\":\"Speakingo\",\"url\":\"https:\\\/\\\/speakingo.com\\\/cs\\\/\",\"logo\":{\"@type\":\"ImageObject\",\"inLanguage\":\"cs\",\"@id\":\"https:\\\/\\\/speakingo.com\\\/cs\\\/#\\\/schema\\\/logo\\\/image\\\/\",\"url\":\"https:\\\/\\\/speakingo.com\\\/wp-content\\\/uploads\\\/2021\\\/04\\\/speakingo-kurs-jezyka-angielskiego-online-curso-ingles-sukces-main-english.png.jpg\",\"contentUrl\":\"https:\\\/\\\/speakingo.com\\\/wp-content\\\/uploads\\\/2021\\\/04\\\/speakingo-kurs-jezyka-angielskiego-online-curso-ingles-sukces-main-english.png.jpg\",\"width\":500,\"height\":344,\"caption\":\"Speakingo\"},\"image\":{\"@id\":\"https:\\\/\\\/speakingo.com\\\/cs\\\/#\\\/schema\\\/logo\\\/image\\\/\"},\"sameAs\":[\"https:\\\/\\\/www.facebook.com\\\/speakingo\\\/\",\"https:\\\/\\\/www.youtube.com\\\/channel\\\/UC5u_DFTWwYDEI1GGjo5lFnQ\"]}]}<\/script>\n<!-- \/ Yoast SEO Premium plugin. -->","yoast_head_json":{"title":"Ups, v\u00e1\u0161 prohl\u00ed\u017ee\u010d nepodporuje rozpozn\u00e1v\u00e1n\u00ed \u0159e\u010di. &#8902; Speakingo","description":"Tato str\u00e1nka se zobrazuje, pokud nepou\u017e\u00edv\u00e1te Chrome","robots":{"index":"index","follow":"follow","max-snippet":"max-snippet:-1","max-image-preview":"max-image-preview:large","max-video-preview":"max-video-preview:-1"},"canonical":"https:\/\/speakingo.com\/cs\/unsupported\/","og_locale":"cs_CZ","og_type":"article","og_title":"Ups, v\u00e1\u0161 prohl\u00ed\u017ee\u010d nepodporuje rozpozn\u00e1v\u00e1n\u00ed \u0159e\u010di.","og_description":"Tato str\u00e1nka se zobrazuje, pokud nepou\u017e\u00edv\u00e1te Chrome","og_url":"https:\/\/speakingo.com\/cs\/unsupported\/","og_site_name":"Speakingo","article_publisher":"https:\/\/www.facebook.com\/speakingo\/","article_modified_time":"2022-01-30T15:16:46+00:00","og_image":[{"url":"https:\/\/speakingo.com\/wp-content\/uploads\/2017\/07\/dlaczego-nauka-angielskiego-jest-taka-trudna.jpg","type":"","width":"","height":""}],"twitter_card":"summary_large_image","twitter_misc":{"Odhadovan\u00e1 doba \u010dten\u00ed":"1 minuta"},"schema":{"@context":"https:\/\/schema.org","@graph":[{"@type":"WebPage","@id":"https:\/\/speakingo.com\/cs\/unsupported\/","url":"https:\/\/speakingo.com\/cs\/unsupported\/","name":"Ups, v\u00e1\u0161 prohl\u00ed\u017ee\u010d nepodporuje rozpozn\u00e1v\u00e1n\u00ed \u0159e\u010di. &#8902; Speakingo","isPartOf":{"@id":"https:\/\/speakingo.com\/cs\/#website"},"primaryImageOfPage":{"@id":"https:\/\/speakingo.com\/cs\/unsupported\/#primaryimage"},"image":{"@id":"https:\/\/speakingo.com\/cs\/unsupported\/#primaryimage"},"thumbnailUrl":"https:\/\/speakingo.com\/wp-content\/uploads\/2017\/07\/dlaczego-nauka-angielskiego-jest-taka-trudna.jpg","datePublished":"2021-11-18T14:54:44+00:00","dateModified":"2022-01-30T15:16:46+00:00","description":"Tato str\u00e1nka se zobrazuje, pokud nepou\u017e\u00edv\u00e1te Chrome","breadcrumb":{"@id":"https:\/\/speakingo.com\/cs\/unsupported\/#breadcrumb"},"inLanguage":"cs","potentialAction":[{"@type":"ReadAction","target":["https:\/\/speakingo.com\/cs\/unsupported\/"]}]},{"@type":"ImageObject","inLanguage":"cs","@id":"https:\/\/speakingo.com\/cs\/unsupported\/#primaryimage","url":"https:\/\/speakingo.com\/wp-content\/uploads\/2017\/07\/dlaczego-nauka-angielskiego-jest-taka-trudna.jpg","contentUrl":"https:\/\/speakingo.com\/wp-content\/uploads\/2017\/07\/dlaczego-nauka-angielskiego-jest-taka-trudna.jpg"},{"@type":"BreadcrumbList","@id":"https:\/\/speakingo.com\/cs\/unsupported\/#breadcrumb","itemListElement":[{"@type":"ListItem","position":1,"name":"Speakingo","item":"https:\/\/speakingo.com\/cs\/"},{"@type":"ListItem","position":2,"name":"Ups, v\u00e1\u0161 prohl\u00ed\u017ee\u010d nepodporuje rozpozn\u00e1v\u00e1n\u00ed \u0159e\u010di."}]},{"@type":"WebSite","@id":"https:\/\/speakingo.com\/cs\/#website","url":"https:\/\/speakingo.com\/cs\/","name":"Speakingo","description":"Learn English Online!","publisher":{"@id":"https:\/\/speakingo.com\/cs\/#organization"},"potentialAction":[{"@type":"SearchAction","target":{"@type":"EntryPoint","urlTemplate":"https:\/\/speakingo.com\/cs\/?s={search_term_string}"},"query-input":{"@type":"PropertyValueSpecification","valueRequired":true,"valueName":"search_term_string"}}],"inLanguage":"cs"},{"@type":"Organization","@id":"https:\/\/speakingo.com\/cs\/#organization","name":"Speakingo","url":"https:\/\/speakingo.com\/cs\/","logo":{"@type":"ImageObject","inLanguage":"cs","@id":"https:\/\/speakingo.com\/cs\/#\/schema\/logo\/image\/","url":"https:\/\/speakingo.com\/wp-content\/uploads\/2021\/04\/speakingo-kurs-jezyka-angielskiego-online-curso-ingles-sukces-main-english.png.jpg","contentUrl":"https:\/\/speakingo.com\/wp-content\/uploads\/2021\/04\/speakingo-kurs-jezyka-angielskiego-online-curso-ingles-sukces-main-english.png.jpg","width":500,"height":344,"caption":"Speakingo"},"image":{"@id":"https:\/\/speakingo.com\/cs\/#\/schema\/logo\/image\/"},"sameAs":["https:\/\/www.facebook.com\/speakingo\/","https:\/\/www.youtube.com\/channel\/UC5u_DFTWwYDEI1GGjo5lFnQ"]}]}},"_links":{"self":[{"href":"https:\/\/speakingo.com\/cs\/wp-json\/wp\/v2\/pages\/34546","targetHints":{"allow":["GET"]}}],"collection":[{"href":"https:\/\/speakingo.com\/cs\/wp-json\/wp\/v2\/pages"}],"about":[{"href":"https:\/\/speakingo.com\/cs\/wp-json\/wp\/v2\/types\/page"}],"author":[{"embeddable":true,"href":"https:\/\/speakingo.com\/cs\/wp-json\/wp\/v2\/users\/1"}],"replies":[{"embeddable":true,"href":"https:\/\/speakingo.com\/cs\/wp-json\/wp\/v2\/comments?post=34546"}],"version-history":[{"count":0,"href":"https:\/\/speakingo.com\/cs\/wp-json\/wp\/v2\/pages\/34546\/revisions"}],"wp:attachment":[{"href":"https:\/\/speakingo.com\/cs\/wp-json\/wp\/v2\/media?parent=34546"}],"curies":[{"name":"wp","href":"https:\/\/api.w.org\/{rel}","templated":true}]}}